{"id":269,"date":"2024-02-08T15:05:52","date_gmt":"2024-02-08T15:05:52","guid":{"rendered":"http:\/\/beta-projects.galen-brotherton.be\/?page_id=269"},"modified":"2025-01-19T21:54:15","modified_gmt":"2025-01-19T21:54:15","slug":"credits","status":"publish","type":"page","link":"http:\/\/beta-projects.galen-brotherton.be\/en\/credits\/","title":{"rendered":"Credits"},"content":{"rendered":"<div data-elementor-type=\"wp-page\" data-elementor-id=\"269\" class=\"elementor elementor-269\" data-elementor-post-type=\"page\">\n\t\t\t\t\t\t<section class=\"elementor-section elementor-top-section elementor-element elementor-element-d2cfc6b elementor-section-boxed elementor-section-height-default elementor-section-height-default\" data-id=\"d2cfc6b\" data-element_type=\"section\">\n\t\t\t\t\t\t<div class=\"elementor-container elementor-column-gap-default\">\n\t\t\t\t\t<div class=\"elementor-column elementor-col-100 elementor-top-column elementor-element elementor-element-5ad2f29\" data-id=\"5ad2f29\" data-element_type=\"column\">\n\t\t\t<div class=\"elementor-widget-wrap elementor-element-populated\">\n\t\t\t\t\t\t<div class=\"elementor-element elementor-element-a49a8f4 elementor-invisible elementor-widget elementor-widget-heading\" data-id=\"a49a8f4\" data-element_type=\"widget\" data-settings=\"{&quot;_animation&quot;:&quot;fadeIn&quot;}\" data-widget_type=\"heading.default\">\n\t\t\t\t<div class=\"elementor-widget-container\">\n\t\t\t\t\t<h1 class=\"elementor-heading-title elementor-size-default\">Cr\u00e9dits<\/h1>\t\t\t\t<\/div>\n\t\t\t\t<\/div>\n\t\t\t\t\t<\/div>\n\t\t<\/div>\n\t\t\t\t\t<\/div>\n\t\t<\/section>\n\t\t\t\t<section class=\"elementor-section elementor-top-section elementor-element elementor-element-9e88c2d elementor-section-boxed elementor-section-height-default elementor-section-height-default\" data-id=\"9e88c2d\" data-element_type=\"section\">\n\t\t\t\t\t\t<div class=\"elementor-container elementor-column-gap-default\">\n\t\t\t\t\t<div class=\"elementor-column elementor-col-100 elementor-top-column elementor-element elementor-element-0c024b3\" data-id=\"0c024b3\" data-element_type=\"column\">\n\t\t\t<div class=\"elementor-widget-wrap elementor-element-populated\">\n\t\t\t\t\t\t<div class=\"elementor-element elementor-element-b113cad elementor-widget elementor-widget-heading\" data-id=\"b113cad\" data-element_type=\"widget\" data-widget_type=\"heading.default\">\n\t\t\t\t<div class=\"elementor-widget-container\">\n\t\t\t\t\t<h2 class=\"elementor-heading-title elementor-size-default\">Typos<\/h2>\t\t\t\t<\/div>\n\t\t\t\t<\/div>\n\t\t\t\t<div class=\"elementor-element elementor-element-8362f5e elementor-widget elementor-widget-heading\" data-id=\"8362f5e\" data-element_type=\"widget\" data-widget_type=\"heading.default\">\n\t\t\t\t<div class=\"elementor-widget-container\">\n\t\t\t\t\t<h2 class=\"elementor-heading-title elementor-size-default\">Agrandir Grand<\/h2>\t\t\t\t<\/div>\n\t\t\t\t<\/div>\n\t\t\t\t<div class=\"elementor-element elementor-element-d9fc5a8 underline_credits elementor-widget elementor-widget-text-editor\" data-id=\"d9fc5a8\" data-element_type=\"widget\" data-widget_type=\"text-editor.default\">\n\t\t\t\t<div class=\"elementor-widget-container\">\n\t\t\t\t\t\t\t\t\tDesigned by <a href=\"https:\/\/www.behance.net\/slobzheninov\" target=\"_blank\" rel=\"noopener\">Alex Slobzheninov<\/a>\t\t\t\t\t\t\t\t<\/div>\n\t\t\t\t<\/div>\n\t\t\t\t<div class=\"elementor-element elementor-element-fd52239 elementor-widget elementor-widget-heading\" data-id=\"fd52239\" data-element_type=\"widget\" data-widget_type=\"heading.default\">\n\t\t\t\t<div class=\"elementor-widget-container\">\n\t\t\t\t\t<h2 class=\"elementor-heading-title elementor-size-default\">Archivo Narrow<\/h2>\t\t\t\t<\/div>\n\t\t\t\t<\/div>\n\t\t\t\t<div class=\"elementor-element elementor-element-9e05849 underline_credits elementor-widget elementor-widget-text-editor\" data-id=\"9e05849\" data-element_type=\"widget\" data-widget_type=\"text-editor.default\">\n\t\t\t\t<div class=\"elementor-widget-container\">\n\t\t\t\t\t\t\t\t\tDesigned by <a href=\"https:\/\/fonts.google.com\/?query=Omnibus-Type\" target=\"_blank\" rel=\"noopener\">Omnibus-Type<\/a>\t\t\t\t\t\t\t\t<\/div>\n\t\t\t\t<\/div>\n\t\t\t\t\t<\/div>\n\t\t<\/div>\n\t\t\t\t\t<\/div>\n\t\t<\/section>\n\t\t\t\t<section class=\"elementor-section elementor-top-section elementor-element elementor-element-8288913 elementor-section-boxed elementor-section-height-default elementor-section-height-default\" data-id=\"8288913\" data-element_type=\"section\">\n\t\t\t\t\t\t<div class=\"elementor-container elementor-column-gap-default\">\n\t\t\t\t\t<div class=\"elementor-column elementor-col-100 elementor-top-column elementor-element elementor-element-8da4194\" data-id=\"8da4194\" data-element_type=\"column\">\n\t\t\t<div class=\"elementor-widget-wrap elementor-element-populated\">\n\t\t\t\t\t\t<div class=\"elementor-element elementor-element-61cf2cd elementor-widget elementor-widget-heading\" data-id=\"61cf2cd\" data-element_type=\"widget\" data-widget_type=\"heading.default\">\n\t\t\t\t<div class=\"elementor-widget-container\">\n\t\t\t\t\t<h2 class=\"elementor-heading-title elementor-size-default\">Images<\/h2>\t\t\t\t<\/div>\n\t\t\t\t<\/div>\n\t\t\t\t<div class=\"elementor-element elementor-element-06a2ebd elementor-widget elementor-widget-heading\" data-id=\"06a2ebd\" data-element_type=\"widget\" data-widget_type=\"heading.default\">\n\t\t\t\t<div class=\"elementor-widget-container\">\n\t\t\t\t\t<h2 class=\"elementor-heading-title elementor-size-default\">Brotherton Galen<\/h2>\t\t\t\t<\/div>\n\t\t\t\t<\/div>\n\t\t\t\t\t<\/div>\n\t\t<\/div>\n\t\t\t\t\t<\/div>\n\t\t<\/section>\n\t\t\t\t<section class=\"elementor-section elementor-top-section elementor-element elementor-element-0cb351f elementor-section-boxed elementor-section-height-default elementor-section-height-default\" data-id=\"0cb351f\" data-element_type=\"section\">\n\t\t\t\t\t\t<div class=\"elementor-container elementor-column-gap-default\">\n\t\t\t\t\t<div class=\"elementor-column elementor-col-100 elementor-top-column elementor-element elementor-element-7f0b734\" data-id=\"7f0b734\" data-element_type=\"column\">\n\t\t\t<div class=\"elementor-widget-wrap elementor-element-populated\">\n\t\t\t\t\t\t<div class=\"elementor-element elementor-element-ff80291 elementor-widget elementor-widget-heading\" data-id=\"ff80291\" data-element_type=\"widget\" data-widget_type=\"heading.default\">\n\t\t\t\t<div class=\"elementor-widget-container\">\n\t\t\t\t\t<h2 class=\"elementor-heading-title elementor-size-default\">Vid\u00e9os<\/h2>\t\t\t\t<\/div>\n\t\t\t\t<\/div>\n\t\t\t\t<div class=\"elementor-element elementor-element-cc38529 elementor-widget elementor-widget-heading\" data-id=\"cc38529\" data-element_type=\"widget\" data-widget_type=\"heading.default\">\n\t\t\t\t<div class=\"elementor-widget-container\">\n\t\t\t\t\t<h2 class=\"elementor-heading-title elementor-size-default\">Freepik<\/h2>\t\t\t\t<\/div>\n\t\t\t\t<\/div>\n\t\t\t\t<div class=\"elementor-element elementor-element-f1d9fd7 elementor-widget elementor-widget-heading\" data-id=\"f1d9fd7\" data-element_type=\"widget\" data-widget_type=\"heading.default\">\n\t\t\t\t<div class=\"elementor-widget-container\">\n\t\t\t\t\t<h2 class=\"elementor-heading-title elementor-size-default\">Envato Elements<\/h2>\t\t\t\t<\/div>\n\t\t\t\t<\/div>\n\t\t\t\t\t<\/div>\n\t\t<\/div>\n\t\t\t\t\t<\/div>\n\t\t<\/section>\n\t\t\t\t<section class=\"elementor-section elementor-top-section elementor-element elementor-element-745a7f0 elementor-section-boxed elementor-section-height-default elementor-section-height-default\" data-id=\"745a7f0\" data-element_type=\"section\">\n\t\t\t\t\t\t<div class=\"elementor-container elementor-column-gap-default\">\n\t\t\t\t\t<div class=\"elementor-column elementor-col-100 elementor-top-column elementor-element elementor-element-f8a5834\" data-id=\"f8a5834\" data-element_type=\"column\">\n\t\t\t<div class=\"elementor-widget-wrap elementor-element-populated\">\n\t\t\t\t\t\t<div class=\"elementor-element elementor-element-f2173ef elementor-widget elementor-widget-heading\" data-id=\"f2173ef\" data-element_type=\"widget\" data-widget_type=\"heading.default\">\n\t\t\t\t<div class=\"elementor-widget-container\">\n\t\t\t\t\t<h2 class=\"elementor-heading-title elementor-size-default\">Icones<\/h2>\t\t\t\t<\/div>\n\t\t\t\t<\/div>\n\t\t\t\t<div class=\"elementor-element elementor-element-71a3e7c elementor-widget elementor-widget-text-editor\" data-id=\"71a3e7c\" data-element_type=\"widget\" data-widget_type=\"text-editor.default\">\n\t\t\t\t<div class=\"elementor-widget-container\">\n\t\t\t\t\t\t\t\t\t<p>Icon \u00a9ionicons<\/p><p>Envato Elements \u00a9envatoelements<\/p><p>Elementor \u00a9elementor<\/p>\t\t\t\t\t\t\t\t<\/div>\n\t\t\t\t<\/div>\n\t\t\t\t\t<\/div>\n\t\t<\/div>\n\t\t\t\t\t<\/div>\n\t\t<\/section>\n\t\t\t\t<section class=\"elementor-section elementor-top-section elementor-element elementor-element-6a429de elementor-section-boxed elementor-section-height-default elementor-section-height-default\" data-id=\"6a429de\" data-element_type=\"section\">\n\t\t\t\t\t\t<div class=\"elementor-container elementor-column-gap-default\">\n\t\t\t\t\t<div class=\"elementor-column elementor-col-100 elementor-top-column elementor-element elementor-element-418408c\" data-id=\"418408c\" data-element_type=\"column\">\n\t\t\t<div class=\"elementor-widget-wrap elementor-element-populated\">\n\t\t\t\t\t\t<div class=\"elementor-element elementor-element-01c5f45 elementor-widget elementor-widget-heading\" data-id=\"01c5f45\" data-element_type=\"widget\" data-widget_type=\"heading.default\">\n\t\t\t\t<div class=\"elementor-widget-container\">\n\t\t\t\t\t<h2 class=\"elementor-heading-title elementor-size-default\">Remerc\u00eement<\/h2>\t\t\t\t<\/div>\n\t\t\t\t<\/div>\n\t\t\t\t<div class=\"elementor-element elementor-element-aee88e1 elementor-widget elementor-widget-heading\" data-id=\"aee88e1\" data-element_type=\"widget\" data-widget_type=\"heading.default\">\n\t\t\t\t<div class=\"elementor-widget-container\">\n\t\t\t\t\t<h2 class=\"elementor-heading-title elementor-size-default\">L\u00e9a Renna<\/h2>\t\t\t\t<\/div>\n\t\t\t\t<\/div>\n\t\t\t\t<div class=\"elementor-element elementor-element-5100d08 elementor-widget elementor-widget-text-editor\" data-id=\"5100d08\" data-element_type=\"widget\" data-widget_type=\"text-editor.default\">\n\t\t\t\t<div class=\"elementor-widget-container\">\n\t\t\t\t\t\t\t\t\t<p>Pour son support quotidienne et pour son avis sur ma D.A.<\/p>\t\t\t\t\t\t\t\t<\/div>\n\t\t\t\t<\/div>\n\t\t\t\t<div class=\"elementor-element elementor-element-99939a3 elementor-widget elementor-widget-heading\" data-id=\"99939a3\" data-element_type=\"widget\" data-widget_type=\"heading.default\">\n\t\t\t\t<div class=\"elementor-widget-container\">\n\t\t\t\t\t<h2 class=\"elementor-heading-title elementor-size-default\">Monsieur Thronte Philippe<\/h2>\t\t\t\t<\/div>\n\t\t\t\t<\/div>\n\t\t\t\t<div class=\"elementor-element elementor-element-fdf018b elementor-widget elementor-widget-heading\" data-id=\"fdf018b\" data-element_type=\"widget\" data-widget_type=\"heading.default\">\n\t\t\t\t<div class=\"elementor-widget-container\">\n\t\t\t\t\t<h2 class=\"elementor-heading-title elementor-size-default\">Monsieur Therasse Fran\u00e7ois<\/h2>\t\t\t\t<\/div>\n\t\t\t\t<\/div>\n\t\t\t\t<div class=\"elementor-element elementor-element-79c9c9e elementor-widget elementor-widget-heading\" data-id=\"79c9c9e\" data-element_type=\"widget\" data-widget_type=\"heading.default\">\n\t\t\t\t<div class=\"elementor-widget-container\">\n\t\t\t\t\t<h2 class=\"elementor-heading-title elementor-size-default\">Monsieur Terranova Christophe<\/h2>\t\t\t\t<\/div>\n\t\t\t\t<\/div>\n\t\t\t\t<div class=\"elementor-element elementor-element-043fafc elementor-widget elementor-widget-heading\" data-id=\"043fafc\" data-element_type=\"widget\" data-widget_type=\"heading.default\">\n\t\t\t\t<div class=\"elementor-widget-container\">\n\t\t\t\t\t<h2 class=\"elementor-heading-title elementor-size-default\">Monsieur Marchal Simon<\/h2>\t\t\t\t<\/div>\n\t\t\t\t<\/div>\n\t\t\t\t<div class=\"elementor-element elementor-element-3db0b6b elementor-widget elementor-widget-heading\" data-id=\"3db0b6b\" data-element_type=\"widget\" data-widget_type=\"heading.default\">\n\t\t\t\t<div class=\"elementor-widget-container\">\n\t\t\t\t\t<h2 class=\"elementor-heading-title elementor-size-default\">Monsieur Zara Dino<\/h2>\t\t\t\t<\/div>\n\t\t\t\t<\/div>\n\t\t\t\t<div class=\"elementor-element elementor-element-657dd16 elementor-widget elementor-widget-heading\" data-id=\"657dd16\" data-element_type=\"widget\" data-widget_type=\"heading.default\">\n\t\t\t\t<div class=\"elementor-widget-container\">\n\t\t\t\t\t<h2 class=\"elementor-heading-title elementor-size-default\">Madame Latour Laura<\/h2>\t\t\t\t<\/div>\n\t\t\t\t<\/div>\n\t\t\t\t<div class=\"elementor-element elementor-element-b00496d elementor-widget elementor-widget-heading\" data-id=\"b00496d\" data-element_type=\"widget\" data-widget_type=\"heading.default\">\n\t\t\t\t<div class=\"elementor-widget-container\">\n\t\t\t\t\t<h2 class=\"elementor-heading-title elementor-size-default\">Indio Studio<\/h2>\t\t\t\t<\/div>\n\t\t\t\t<\/div>\n\t\t\t\t\t<\/div>\n\t\t<\/div>\n\t\t\t\t\t<\/div>\n\t\t<\/section>\n\t\t\t\t<section class=\"elementor-section elementor-top-section elementor-element elementor-element-3e95d38 elementor-section-boxed elementor-section-height-default elementor-section-height-default\" data-id=\"3e95d38\" data-element_type=\"section\">\n\t\t\t\t\t\t<div class=\"elementor-container elementor-column-gap-default\">\n\t\t\t\t\t<div class=\"elementor-column elementor-col-100 elementor-top-column elementor-element elementor-element-44a3bf8\" data-id=\"44a3bf8\" data-element_type=\"column\">\n\t\t\t<div class=\"elementor-widget-wrap elementor-element-populated\">\n\t\t\t\t\t\t<div class=\"elementor-element elementor-element-dbc5694 elementor-widget elementor-widget-html\" data-id=\"dbc5694\" data-element_type=\"widget\" data-widget_type=\"html.default\">\n\t\t\t\t<div class=\"elementor-widget-container\">\n\t\t\t\t\t<canvas id=\"bubbleCanvas\"><\/canvas>\r\n\r\n\r\n\r\n<script>\r\n(function () {\r\n  const canvas = document.getElementById('bubbleCanvas');\r\n  const ctx = canvas.getContext('2d');\r\n\r\n  canvas.width = window.innerWidth;\r\n  canvas.height = window.innerHeight;\r\n\r\n  let particleCount = getParticleCount();\r\n  const particleMinSize = 2;\r\n  const particleMaxSize = 6;\r\n  const particleMinSpeed = 0.1;\r\n  const particleMaxSpeed = 0.5;\r\n  const particleMinHorizontalSpeed = -0.2;\r\n  const particleMaxHorizontalSpeed = 0.2;\r\n  const particleMaxDelay = 20000;\r\n\r\n  let particles = [];\r\n\r\n  function getParticleCount() {\r\n    if (canvas.width <= 480) return 50;\r\n    if (canvas.width <= 1024) return 100;\r\n    return 200;\r\n  }\r\n\r\n  function createParticles() {\r\n    particles = [];\r\n    for (let i = 0; i < particleCount; i++) {\r\n      const size = Math.random() * (particleMaxSize - particleMinSize) + particleMinSize;\r\n      particles.push({\r\n        x: Math.random() * canvas.width,\r\n        y: Math.random() * canvas.height,\r\n        size,\r\n        speed: Math.random() * (particleMaxSpeed - particleMinSpeed) + particleMinSpeed,\r\n        vx: Math.random() * (particleMaxHorizontalSpeed - particleMinHorizontalSpeed) + particleMinHorizontalSpeed,\r\n        delay: 0,\r\n        opacity: Math.random() * 0.3 + 0.1,\r\n      });\r\n    }\r\n  }\r\n\r\n  function drawParticle(particle) {\r\n    ctx.beginPath();\r\n    ctx.arc(particle.x, particle.y, particle.size \/ 2, 0, Math.PI * 2);\r\n    ctx.fillStyle = `rgba(255, 255, 255, ${particle.opacity})`;\r\n    ctx.fill();\r\n  }\r\n\r\n  function updateParticles() {\r\n    ctx.clearRect(0, 0, canvas.width, canvas.height);\r\n\r\n    particles.forEach((particle) => {\r\n      if (particle.delay <= 0) {\r\n        particle.y -= particle.speed;\r\n        particle.x += particle.vx;\r\n\r\n        if (\r\n          particle.y < -particle.size ||\r\n          particle.x < -particle.size ||\r\n          particle.x > canvas.width + particle.size\r\n        ) {\r\n          particle.y = canvas.height + particle.size;\r\n          particle.x = Math.random() * canvas.width;\r\n          particle.delay = 0;\r\n          particle.speed = Math.random() * (particleMaxSpeed - particleMinSpeed) + particleMinSpeed;\r\n          particle.vx = Math.random() * (particleMaxHorizontalSpeed - particleMinHorizontalSpeed) + particleMinHorizontalSpeed;\r\n          particle.opacity = Math.random() * 0.3 + 0.1;\r\n        }\r\n      } else {\r\n        particle.delay -= 16;\r\n      }\r\n      drawParticle(particle);\r\n    });\r\n  }\r\n\r\n  function loop() {\r\n    updateParticles();\r\n    requestAnimationFrame(loop);\r\n  }\r\n\r\n  window.addEventListener('resize', () => {\r\n    canvas.width = window.innerWidth;\r\n    canvas.height = window.innerHeight;\r\n    particleCount = getParticleCount();\r\n    createParticles();\r\n  });\r\n\r\n  createParticles();\r\n  loop();\r\n})();\r\n\r\n<\/script>\r\n\r\n\r\n\r\n\r\n\r\n\r\n\t\t\t\t<\/div>\n\t\t\t\t<\/div>\n\t\t\t\t\t<\/div>\n\t\t<\/div>\n\t\t\t\t\t<\/div>\n\t\t<\/section>\n\t\t\t\t<section class=\"elementor-section elementor-top-section elementor-element elementor-element-69e8165 elementor-section-height-min-height elementor-section-boxed elementor-section-height-default elementor-section-items-middle\" data-id=\"69e8165\" data-element_type=\"section\">\n\t\t\t\t\t\t<div class=\"elementor-container elementor-column-gap-default\">\n\t\t\t\t\t<div class=\"elementor-column elementor-col-100 elementor-top-column elementor-element elementor-element-c9f1d37\" data-id=\"c9f1d37\" data-element_type=\"column\">\n\t\t\t<div class=\"elementor-widget-wrap\">\n\t\t\t\t\t\t\t<\/div>\n\t\t<\/div>\n\t\t\t\t\t<\/div>\n\t\t<\/section>\n\t\t\t\t<\/div>","protected":false},"excerpt":{"rendered":"<p>Cr\u00e9dits Typos Agrandir Grand Designed by Alex Slobzheninov Archivo Narrow Designed by Omnibus-Type Images Brotherton Galen Vid\u00e9os Freepik Envato Elements Icones Icon \u00a9ionicons Envato Elements \u00a9envatoelements Elementor \u00a9elementor Remerc\u00eement L\u00e9a Renna Pour son support quotidienne et pour son avis sur ma D.A. Monsieur Thronte Philippe Monsieur Therasse Fran\u00e7ois Monsieur Terranova Christophe Monsieur Marchal Simon Monsieur [&hellip;]<\/p>","protected":false},"author":1,"featured_media":0,"parent":0,"menu_order":0,"comment_status":"closed","ping_status":"closed","template":"","meta":{"footnotes":""},"class_list":["post-269","page","type-page","status-publish","hentry"],"_links":{"self":[{"href":"http:\/\/beta-projects.galen-brotherton.be\/en\/wp-json\/wp\/v2\/pages\/269","targetHints":{"allow":["GET"]}}],"collection":[{"href":"http:\/\/beta-projects.galen-brotherton.be\/en\/wp-json\/wp\/v2\/pages"}],"about":[{"href":"http:\/\/beta-projects.galen-brotherton.be\/en\/wp-json\/wp\/v2\/types\/page"}],"author":[{"embeddable":true,"href":"http:\/\/beta-projects.galen-brotherton.be\/en\/wp-json\/wp\/v2\/users\/1"}],"replies":[{"embeddable":true,"href":"http:\/\/beta-projects.galen-brotherton.be\/en\/wp-json\/wp\/v2\/comments?post=269"}],"version-history":[{"count":52,"href":"http:\/\/beta-projects.galen-brotherton.be\/en\/wp-json\/wp\/v2\/pages\/269\/revisions"}],"predecessor-version":[{"id":3108,"href":"http:\/\/beta-projects.galen-brotherton.be\/en\/wp-json\/wp\/v2\/pages\/269\/revisions\/3108"}],"wp:attachment":[{"href":"http:\/\/beta-projects.galen-brotherton.be\/en\/wp-json\/wp\/v2\/media?parent=269"}],"curies":[{"name":"wp","href":"https:\/\/api.w.org\/{rel}","templated":true}]}}